{"id":245,"date":"2025-10-10T16:25:53","date_gmt":"2025-10-10T14:25:53","guid":{"rendered":"https:\/\/locations-vacances-mediterranee.com\/blog-maison-stony\/?page_id=245"},"modified":"2026-02-06T18:25:49","modified_gmt":"2026-02-06T17:25:49","slug":"a-propos-du-blog-maison-stony","status":"publish","type":"page","link":"https:\/\/locations-vacances-mediterranee.com\/blog-maison-stony\/a-propos-du-blog-maison-stony\/","title":{"rendered":"\u00c0 propos"},"content":{"rendered":"<p>[et_pb_section fb_built=\u00a0\u00bb1&Prime; _builder_version=\u00a0\u00bb4.27.4&Prime; _module_preset=\u00a0\u00bbdefault\u00a0\u00bb custom_padding=\u00a0\u00bb21px||18px|||\u00a0\u00bb global_colors_info=\u00a0\u00bb{}\u00a0\u00bb][et_pb_row _builder_version=\u00a0\u00bb4.27.4&Prime; _module_preset=\u00a0\u00bbdefault\u00a0\u00bb global_colors_info=\u00a0\u00bb{}\u00a0\u00bb][et_pb_column type=\u00a0\u00bb4_4&Prime; _builder_version=\u00a0\u00bb4.27.4&Prime; _module_preset=\u00a0\u00bbdefault\u00a0\u00bb global_colors_info=\u00a0\u00bb{}\u00a0\u00bb][et_pb_text _builder_version=\u00a0\u00bb4.27.4&Prime; _module_preset=\u00a0\u00bbdefault\u00a0\u00bb header_font=\u00a0\u00bbRaleway||||||||\u00a0\u00bb header_text_color=\u00a0\u00bb#c18b43&Prime; header_2_font=\u00a0\u00bbRaleway||||||||\u00a0\u00bb header_2_text_color=\u00a0\u00bb#E09900&Prime; global_colors_info=\u00a0\u00bb{}\u00a0\u00bb]<\/p>\n<h1>Pourquoi ce blog de la Maison Stony ?<\/h1>\n<p>[\/et_pb_text][\/et_pb_column][\/et_pb_row][et_pb_row _builder_version=\u00a0\u00bb4.27.4&Prime; _module_preset=\u00a0\u00bbdefault\u00a0\u00bb global_colors_info=\u00a0\u00bb{}\u00a0\u00bb][et_pb_column type=\u00a0\u00bb4_4&Prime; _builder_version=\u00a0\u00bb4.27.4&Prime; _module_preset=\u00a0\u00bbdefault\u00a0\u00bb global_colors_info=\u00a0\u00bb{}\u00a0\u00bb][et_pb_text _builder_version=\u00a0\u00bb4.27.4&Prime; _module_preset=\u00a0\u00bbdefault\u00a0\u00bb text_font=\u00a0\u00bbRaleway||||||||\u00a0\u00bb text_text_color=\u00a0\u00bb#7b854c\u00a0\u00bb global_colors_info=\u00a0\u00bb{}\u00a0\u00bb]<\/p>\n<h4><strong><span class=\"a_GcMg font-feature-liga-off font-feature-clig-off font-feature-calt-off text-decoration-none text-strikethrough-none\">Bienvenue dans notre carnet de voyage en Occitanie ! <\/span><\/strong><\/h4>\n<p><strong><span class=\"a_GcMg font-feature-liga-off font-feature-clig-off font-feature-calt-off text-decoration-none text-strikethrough-none\">Ce blog est une invitation \u00e0 d\u00e9couvrir nos coups de c\u0153ur et \u00e0 pr\u00e9parer votre s\u00e9jour en toute s\u00e9r\u00e9nit\u00e9.<\/span><\/strong><\/p>\n<p><strong><span class=\"a_GcMg font-feature-liga-off font-feature-clig-off font-feature-calt-off text-decoration-none text-strikethrough-none\">Emmanuelle responsable des g\u00eetes, partagera ici avec vous sa passion du tourisme durable et son amour pour la r\u00e9gion avec toutes ses recommandations pour un s\u00e9jour r\u00e9ussi. <\/span><\/strong><\/p>\n<p><strong>D\u00e9couvrez les conseils, les infos utiles, les secrets et astuces pour passer des vacances ou un s\u00e9jour inoubliable dans nos g\u00eetes de charme de la Maison Stony et ses alentours.\u00a0<\/strong><\/p>\n<p>[\/et_pb_text][\/et_pb_column][\/et_pb_row][et_pb_row column_structure=\u00a0\u00bb1_2,1_2&Prime; _builder_version=\u00a0\u00bb4.27.4&Prime; _module_preset=\u00a0\u00bbdefault\u00a0\u00bb global_colors_info=\u00a0\u00bb{}\u00a0\u00bb][et_pb_column type=\u00a0\u00bb1_2&Prime; _builder_version=\u00a0\u00bb4.27.4&Prime; _module_preset=\u00a0\u00bbdefault\u00a0\u00bb global_colors_info=\u00a0\u00bb{}\u00a0\u00bb][et_pb_image src=\u00a0\u00bbhttps:\/\/locations-vacances-mediterranee.com\/blog-maison-stony\/wp-content\/uploads\/2026\/01\/Maison-stony-archipel-de-thau-Vignes-couple-1.jpg\u00a0\u00bb alt=\u00a0\u00bbBalade dans les vignes pr\u00e8s de Frontignan\u00a0\u00bb title_text=\u00a0\u00bbMaison-stony-archipel-de-thau-Vignes-couple-1&Prime; show_in_lightbox=\u00a0\u00bbon\u00a0\u00bb _builder_version=\u00a0\u00bb4.27.4&Prime; _module_preset=\u00a0\u00bbdefault\u00a0\u00bb global_colors_info=\u00a0\u00bb{}\u00a0\u00bb][\/et_pb_image][\/et_pb_column][et_pb_column type=\u00a0\u00bb1_2&Prime; _builder_version=\u00a0\u00bb4.27.4&Prime; _module_preset=\u00a0\u00bbdefault\u00a0\u00bb global_colors_info=\u00a0\u00bb{}\u00a0\u00bb][et_pb_image src=\u00a0\u00bbhttps:\/\/locations-vacances-mediterranee.com\/blog-maison-stony\/wp-content\/uploads\/2025\/10\/DSC_0697.jpg\u00a0\u00bb title_text=\u00a0\u00bbDSC_0697&Prime; show_in_lightbox=\u00a0\u00bbon\u00a0\u00bb _builder_version=\u00a0\u00bb4.27.4&Prime; _module_preset=\u00a0\u00bbdefault\u00a0\u00bb global_colors_info=\u00a0\u00bb{}\u00a0\u00bb][\/et_pb_image][\/et_pb_column][\/et_pb_row][et_pb_row _builder_version=\u00a0\u00bb4.27.4&Prime; _module_preset=\u00a0\u00bbdefault\u00a0\u00bb global_colors_info=\u00a0\u00bb{}\u00a0\u00bb][et_pb_column type=\u00a0\u00bb4_4&Prime; _builder_version=\u00a0\u00bb4.27.4&Prime; _module_preset=\u00a0\u00bbdefault\u00a0\u00bb global_colors_info=\u00a0\u00bb{}\u00a0\u00bb][et_pb_text _builder_version=\u00a0\u00bb4.27.4&Prime; _module_preset=\u00a0\u00bbdefault\u00a0\u00bb text_font=\u00a0\u00bbRaleway|700|||||||\u00a0\u00bb text_text_color=\u00a0\u00bb#7b854c\u00a0\u00bb global_colors_info=\u00a0\u00bb{}\u00a0\u00bb]<\/p>\n<p data-start=\"1159\" data-end=\"1346\">Cet espace comme un v\u00e9ritable carnet d\u2019inspirations et de bonnes adresses, pour vous accompagner dans la pr\u00e9paration de votre s\u00e9jour \u00e0 Frontignan et en Occitanie.<\/p>\n<p data-start=\"1348\" data-end=\"1558\">Vous y trouverez nos recommandations de visites, id\u00e9es de balades, activit\u00e9s \u00e0 ne pas manquer, \u00e9v\u00e9nements locaux, d\u00e9couvertes gourmandes, ainsi que les coulisses de notre domaine viticole et de nos g\u00eetes.<\/p>\n<p data-start=\"1560\" data-end=\"1748\">Notre souhait : vous faire d\u00e9couvrir l\u2019art de vivre du Sud, entre mer, vignes et douceur m\u00e9diterran\u00e9enne, et vous aider \u00e0 vivre un s\u00e9jour authentique, ressour\u00e7ant et inoubliable.<\/p>\n<p>[\/et_pb_text][\/et_pb_column][\/et_pb_row][et_pb_row _builder_version=\u00a0\u00bb4.27.4&Prime; _module_preset=\u00a0\u00bbdefault\u00a0\u00bb global_colors_info=\u00a0\u00bb{}\u00a0\u00bb][et_pb_column type=\u00a0\u00bb4_4&Prime; _builder_version=\u00a0\u00bb4.27.4&Prime; _module_preset=\u00a0\u00bbdefault\u00a0\u00bb global_colors_info=\u00a0\u00bb{}\u00a0\u00bb][et_pb_image src=\u00a0\u00bbhttps:\/\/locations-vacances-mediterranee.com\/blog-maison-stony\/wp-content\/uploads\/2025\/10\/DSC0671-1.jpg\u00a0\u00bb title_text=\u00a0\u00bb_DSC0671&Prime; show_in_lightbox=\u00a0\u00bbon\u00a0\u00bb _builder_version=\u00a0\u00bb4.27.4&Prime; _module_preset=\u00a0\u00bbdefault\u00a0\u00bb global_colors_info=\u00a0\u00bb{}\u00a0\u00bb][\/et_pb_image][\/et_pb_column][\/et_pb_row][et_pb_row _builder_version=\u00a0\u00bb4.27.4&Prime; _module_preset=\u00a0\u00bbdefault\u00a0\u00bb global_colors_info=\u00a0\u00bb{}\u00a0\u00bb][et_pb_column type=\u00a0\u00bb4_4&Prime; _builder_version=\u00a0\u00bb4.27.4&Prime; _module_preset=\u00a0\u00bbdefault\u00a0\u00bb global_colors_info=\u00a0\u00bb{}\u00a0\u00bb][et_pb_code _builder_version=\u00a0\u00bb4.27.4&Prime; _module_preset=\u00a0\u00bbdefault\u00a0\u00bb hover_enabled=\u00a0\u00bb0&Prime; global_colors_info=\u00a0\u00bb{}\u00a0\u00bb sticky_enabled=\u00a0\u00bb0&Prime;]<iframe loading=\"lazy\" width=\"900\" height=\"700\" src=\"https:\/\/aeeb1935.sibforms.com\/serve\/MUIFAHALGL5wVCyI9OAQ1QUjLtegm_tKnDGA3MQXQGpxrQ85ATxC5tzwztyE6CSW9SZE0ViKWQcp7vXXKAVxUWziGcbDMrwhQOPYVDTzBLA6isDEbR7wZux6xHlJj_-AheeKBuZBGbV1v2cu9WA2K3zAh51PP7D3ui_IMOYIqZ84aIGcSei6hzYB3Z3MB7soYZRcrJF2-1ar4VFMUQ==\" frameborder=\"0\" scrolling=\"auto\" allowfullscreen style=\"display: block;margin-left: auto;margin-right: auto;max-width: 100%;\"><\/iframe>[\/et_pb_code][\/et_pb_column][\/et_pb_row][\/et_pb_section]<\/p>\n","protected":false},"excerpt":{"rendered":"<p>Pourquoi ce blog de la Maison Stony ?Bienvenue dans notre carnet de voyage en Occitanie ! Ce blog est une invitation \u00e0 d\u00e9couvrir nos coups de c\u0153ur et \u00e0 pr\u00e9parer votre s\u00e9jour en toute s\u00e9r\u00e9nit\u00e9. Emmanuelle responsable des g\u00eetes, partagera ici avec vous sa passion du tourisme durable et son amour pour la r\u00e9gion avec [&hellip;]<\/p>\n","protected":false},"author":3,"featured_media":0,"parent":0,"menu_order":0,"comment_status":"closed","ping_status":"closed","template":"","meta":{"_et_pb_use_builder":"on","_et_pb_old_content":"","_et_gb_content_width":"","footnotes":""},"class_list":["post-245","page","type-page","status-publish","hentry"],"_links":{"self":[{"href":"https:\/\/locations-vacances-mediterranee.com\/blog-maison-stony\/wp-json\/wp\/v2\/pages\/245","targetHints":{"allow":["GET"]}}],"collection":[{"href":"https:\/\/locations-vacances-mediterranee.com\/blog-maison-stony\/wp-json\/wp\/v2\/pages"}],"about":[{"href":"https:\/\/locations-vacances-mediterranee.com\/blog-maison-stony\/wp-json\/wp\/v2\/types\/page"}],"author":[{"embeddable":true,"href":"https:\/\/locations-vacances-mediterranee.com\/blog-maison-stony\/wp-json\/wp\/v2\/users\/3"}],"replies":[{"embeddable":true,"href":"https:\/\/locations-vacances-mediterranee.com\/blog-maison-stony\/wp-json\/wp\/v2\/comments?post=245"}],"version-history":[{"count":13,"href":"https:\/\/locations-vacances-mediterranee.com\/blog-maison-stony\/wp-json\/wp\/v2\/pages\/245\/revisions"}],"predecessor-version":[{"id":6136,"href":"https:\/\/locations-vacances-mediterranee.com\/blog-maison-stony\/wp-json\/wp\/v2\/pages\/245\/revisions\/6136"}],"wp:attachment":[{"href":"https:\/\/locations-vacances-mediterranee.com\/blog-maison-stony\/wp-json\/wp\/v2\/media?parent=245"}],"curies":[{"name":"wp","href":"https:\/\/api.w.org\/{rel}","templated":true}]}}